{"id":168,"date":"2026-02-22T07:53:25","date_gmt":"2026-02-22T07:53:25","guid":{"rendered":"https:\/\/colemoi.co.uk\/?page_id=168"},"modified":"2026-03-22T06:15:15","modified_gmt":"2026-03-22T06:15:15","slug":"asps-en-francais","status":"publish","type":"page","link":"https:\/\/colemoi.co.uk\/index.php\/asps-en-francais\/","title":{"rendered":"ASPS en fran\u00e7ais"},"content":{"rendered":"\n<h2 class=\"wp-block-heading\">Conseil et expertise pour les \u00e9quipements et produits destin\u00e9s notamment \u00e0 la petite enfance<\/h2>\n\n\n\n<p>COLEMOI UK Ltd propose des services de conseil strat\u00e9gique et op\u00e9rationnel destin\u00e9s notamment aux professionnels de la petite enfance, ainsi qu\u2019aux industriels, importateurs et distributeurs, souhaitant d\u00e9velopper des produits <strong>s\u00fbrs, conformes et de haute qualit\u00e9<\/strong>.<\/p>\n\n\n\n<p>L\u2019entreprise accompagne \u00e9galement les organisations dans la <strong>mise en place et l\u2019am\u00e9lioration de leur syst\u00e8me de management de la qualit\u00e9<\/strong>, incluant des missions de <strong>pr\u00e9paration \u00e0 un niveau conforme aux exigences de l\u2019ISO 9001<\/strong>, avec une approche pragmatique et adapt\u00e9e \u00e0 la taille des structures.<\/p>\n\n\n\n<hr class=\"wp-block-separator has-alpha-channel-opacity\"\/>\n\n\n\n<h2 class=\"wp-block-heading\">Une expertise construite sur plus de 20 ans d\u2019exp\u00e9rience<\/h2>\n\n\n\n<p>Forte de plus de 20 ans d\u2019exp\u00e9rience dans la conception et la distribution de mat\u00e9riels \u00e9ducatifs, COLEMOI UK Ltd met aujourd\u2019hui son savoir-faire au service des acteurs souhaitant <strong>concevoir, s\u00e9curiser, adapter et am\u00e9liorer leurs produits et leurs \u092a\u094d\u0930\u0915\u094d\u0930essus<\/strong>.<\/p>\n\n\n\n<p>Initialement sp\u00e9cialis\u00e9e dans les \u00e9quipements \u00e9ducatifs pour les enfants de 2 \u00e0 6 ans, destin\u00e9s aux professionnels de l\u2019\u00e9ducation et aux structures d\u2019accueil, l\u2019entreprise a d\u00e9velopp\u00e9 des produits r\u00e9pondant aux <strong>exigences p\u00e9dagogiques<\/strong> ainsi qu\u2019aux <strong>normes de s\u00e9curit\u00e9 britanniques, europ\u00e9ennes et am\u00e9ricaines<\/strong>.<\/p>\n\n\n\n<p>Suite \u00e0 la fermeture de ses soci\u00e9t\u00e9s s\u0153urs en France et \u00e0 Hong Kong, COLEMOI UK Ltd a recentr\u00e9 son activit\u00e9 sur le <strong>conseil technique, r\u00e9glementaire et en management de la qualit\u00e9<\/strong>, en \u00e9largissant son champ d\u2019intervention \u00e0 <strong>d\u2019autres secteurs d\u2019activit\u00e9<\/strong> au-del\u00e0 du jouet et de la petite enfance.<\/p>\n\n\n\n<hr class=\"wp-block-separator has-alpha-channel-opacity\"\/>\n\n\n\n<h2 class=\"wp-block-heading\">Conseil pour industriels, importateurs et distributeurs<\/h2>\n\n\n\n<p>COLEMOI UK Ltd accompagne les entreprises dans la conception, le d\u00e9veloppement, la mise en conformit\u00e9 et l\u2019am\u00e9lioration continue de leurs produits, aussi bien dans le secteur du jouet que dans d\u2019autres domaines (produits de consommation, \u00e9quipements, etc.).<\/p>\n\n\n\n<p>Les prestations incluent notamment :<\/p>\n\n\n\n<ul class=\"wp-block-list\">\n<li>Accompagnement \u00e0 la conception de produits pour la petite enfance<\/li>\n\n\n\n<li>Adaptation des gammes aux exigences p\u00e9dagogiques et \u00e9ducatives<\/li>\n\n\n\n<li>Conseil en r\u00e9glementation et conformit\u00e9 (Europe, UK, international)<\/li>\n\n\n\n<li>Mise en place de <strong>syst\u00e8mes de management de la qualit\u00e9 inspir\u00e9s de l\u2019ISO 9001<\/strong><\/li>\n\n\n\n<li>D\u00e9finition et structuration des processus qualit\u00e9 (documentation, tra\u00e7abilit\u00e9, am\u00e9lioration continue)<\/li>\n\n\n\n<li>Mise en \u0153uvre de <strong>contr\u00f4les qualit\u00e9 produits et fournisseurs<\/strong> (plans de contr\u00f4le, inspections, gestion des non-conformit\u00e9s)<\/li>\n\n\n\n<li>Analyse et optimisation de l\u2019offre produits<\/li>\n\n\n\n<li>Accompagnement dans les projets de d\u00e9veloppement, d\u2019industrialisation ou d\u2019importation<\/li>\n<\/ul>\n\n\n\n<hr class=\"wp-block-separator has-alpha-channel-opacity\"\/>\n\n\n\n<h2 class=\"wp-block-heading\">Accompagnement des structures et collectivit\u00e9s<\/h2>\n\n\n\n<p>L\u2019expertise de COLEMOI UK Ltd s\u2019adresse \u00e9galement aux collectivit\u00e9s, cr\u00e8ches, \u00e9coles maternelles et structures d\u2019accueil de jeunes enfants.<\/p>\n\n\n\n<p>L\u2019entreprise intervient notamment sur :<\/p>\n\n\n\n<ul class=\"wp-block-list\">\n<li>La d\u00e9finition de projets d\u2019\u00e9quipement pour la petite enfance<\/li>\n\n\n\n<li>Le choix de mat\u00e9riels \u00e9ducatifs adapt\u00e9s et conformes<\/li>\n\n\n\n<li>L\u2019optimisation des espaces et des environnements d\u2019accueil<\/li>\n\n\n\n<li>L\u2019int\u00e9gration de solutions respectant les exigences de s\u00e9curit\u00e9 et les besoins p\u00e9dagogiques<\/li>\n<\/ul>\n\n\n\n<hr class=\"wp-block-separator has-alpha-channel-opacity\"\/>\n\n\n\n<h2 class=\"wp-block-heading\">Une approche globale et multi-sectorielle<\/h2>\n\n\n\n<p>Gr\u00e2ce \u00e0 une exp\u00e9rience d\u00e9velopp\u00e9e en Europe et \u00e0 l\u2019international, COLEMOI UK Ltd propose une approche globale combinant :<\/p>\n\n\n\n<ul class=\"wp-block-list\">\n<li>Expertise p\u00e9dagogique<\/li>\n\n\n\n<li>Ma\u00eetrise des exigences r\u00e9glementaires<\/li>\n\n\n\n<li>Comp\u00e9tences en <strong>gestion de la qualit\u00e9 et pr\u00e9paration ISO 9001<\/strong><\/li>\n\n\n\n<li>Mise en place de <strong>dispositifs de contr\u00f4le qualit\u00e9 applicables \u00e0 plusieurs secteurs d\u2019activit\u00e9<\/strong><\/li>\n<\/ul>\n\n\n\n<p>Cette approche permet d\u2019accompagner efficacement les organisations dans le <strong>d\u00e9veloppement de produits fiables, conformes et durables<\/strong>, tout en structurant leurs pratiques internes selon des standards reconnus.<\/p>\n\n\n\n<hr class=\"wp-block-separator has-alpha-channel-opacity\"\/>\n\n\n\n<p>\ud83d\udd0e<strong>Nouvelle r\u00e9glementation europ\u00e9enne sur les jouets 2025&nbsp;: Pr\u00e9parez votre PPD au meilleur prix<\/strong><\/p>\n\n\n\n<p>Avec la mise en \u0153uvre prochaine du Passeport num\u00e9rique de produit (PDP), les fabricants, importateurs et distributeurs devront d\u00e9sormais fournir pour chaque produit ou groupe de produits&nbsp;:<\/p>\n\n\n\n<p>\u2714 une \u00e9valuation de s\u00e9curit\u00e9 conforme<br>\u2714 une documentation technique compl\u00e8te<\/p>\n\n\n\n<p>\u2714 des tests appropri\u00e9s r\u00e9alis\u00e9s par des laboratoires accr\u00e9dit\u00e9s<br>\u2714 un archivage des documents accessible pendant 10&nbsp;ans<br>\u2714 une d\u00e9claration de conformit\u00e9 UE r\u00e9guli\u00e8rement mise \u00e0 jour<br>\u2714 un lien num\u00e9rique s\u00e9curis\u00e9 accessible \u00e0 deux niveaux&nbsp;:<\/p>\n\n\n\n<p>\u2022 au grand public (d\u00e9claration de conformit\u00e9 UE, conformit\u00e9 REACH document\u00e9e, instructions de r\u00e9paration, etc.)<\/p>\n\n\n\n<p>\u2022 aux autorit\u00e9s (\u00e9valuation de s\u00e9curit\u00e9, dossier technique incluant les proc\u00e9d\u00e9s de fabrication tout en prot\u00e9geant les secrets commerciaux, etc.)<\/p>\n\n\n\n<p>En pratique, plusieurs situations peuvent se pr\u00e9senter. ________________________________________<\/p>\n\n\n\n<p><strong>\ud83d\udccc<\/strong><strong> Cas 1 (fabrication int\u00e9gr\u00e9e ou non)&nbsp;: Absence ou incompl\u00e9tude de la documentation<\/strong><\/p>\n\n\n\n<p>\u27a1\ufe0f Notre intervention&nbsp;:<\/p>\n\n\n\n<p>\u2022 Audit de votre processus de production afin d\u2019identifier les possibilit\u00e9s de rationalisation et les opportunit\u00e9s d\u2019int\u00e9gration d\u2019\u00e9l\u00e9ments d\u2019\u00e9coconception (ESPR).<\/p>\n\n\n\n<p>\u2022 Identification des normes harmonis\u00e9es applicables<\/p>\n\n\n\n<p>\u2022 Optimisation des exigences de test pour r\u00e9duire les co\u00fbts<\/p>\n\n\n\n<p>\u2022 Pr\u00e9paration du dossier technique complet<\/p>\n\n\n\n<p>\u2705 Livraison de votre DPP<\/p>\n\n\n\n<p>\u2705 Connexion internet s\u00e9curis\u00e9e<\/p>\n\n\n\n<p>\u2705 Archivage r\u00e9glementaire garanti pendant 10 ans<\/p>\n\n\n\n<p>________________________________________<\/p>\n\n\n\n<p><strong>\ud83d\udccc<\/strong><strong> Cas 2 (fabrication non int\u00e9gr\u00e9e) : Vous ne souhaitez pas utiliser la documentation de votre fournisseur <\/strong><em>(Marque priv\u00e9e, exclusivit\u00e9, confidentialit\u00e9\u2026)<\/em><strong><\/strong><\/p>\n\n\n\n<p>\u27a1\ufe0f Notre intervention :<\/p>\n\n\n\n<p>\u2022 Collaboration directe avec votre fournisseur<br>\u2022 Collecte et validation des donn\u00e9es techniques<br>\u2022 Pr\u00e9paration d&#8217;un dossier r\u00e9glementaire ind\u00e9pendant<\/p>\n\n\n\n<p>\u2705 Livraison de votre DPP<\/p>\n\n\n\n<p>\u2705 Connexion internet s\u00e9curis\u00e9e<\/p>\n\n\n\n<p>\u2705 Archivage r\u00e9glementaire garanti pendant 10 ans<\/p>\n\n\n\n<p>________________________________________<\/p>\n\n\n\n<p><strong>\ud83d\udccc<\/strong><strong> Cas 3 (fabrication non int\u00e9gr\u00e9e) : Votre fournisseur ne fournit qu&#8217;une documentation partielle<\/strong><\/p>\n\n\n\n<p>\u27a1\ufe0f Notre intervention :<\/p>\n\n\n\n<p>\u2022 Audit documentaire et de production (si n\u00e9cessaire) pour rationaliser les co\u00fbts<\/p>\n\n\n\n<p>\u2022 Identification des exigences de conformit\u00e9 r\u00e9ellement n\u00e9cessaires<\/p>\n\n\n\n<p>\u2022 Coordination avec le fabricant pour compl\u00e9ter le dossier<\/p>\n\n\n\n<p>\u2705 Livraison de votre DPP<\/p>\n\n\n\n<p>\u2705 Connexion internet s\u00e9curis\u00e9e<\/p>\n\n\n\n<p>\u2705 Archivage r\u00e9glementaire garanti pendant 10 ans<\/p>\n\n\n\n<p>________________________________________<\/p>\n\n\n\n<p><strong>\ud83d\udccc<\/strong><strong> Cas 4 (fabrication non int\u00e9gr\u00e9e)&nbsp;: Votre fournisseur poss\u00e8de d\u00e9j\u00e0 un DPP<\/strong><\/p>\n\n\n\n<p>\u27a1\ufe0f Notre intervention&nbsp;:<\/p>\n\n\n\n<p>\u2022 Audit du Passeport Num\u00e9rique de Produit (DPP) existant<\/p>\n\n\n\n<p>\u2022 V\u00e9rification de la conformit\u00e9 r\u00e9glementaire<\/p>\n\n\n\n<p>\u2022 Contr\u00f4le de la validit\u00e9 des documents<\/p>\n\n\n\n<p>\u2022 V\u00e9rification de la fiabilit\u00e9 de la connexion s\u00e9curis\u00e9e<\/p>\n\n\n\n<p>\u2705 Rapport d\u2019audit d\u00e9taill\u00e9<\/p>\n\n\n\n<p>\u2705 Validation de l\u2019archivage r\u00e9glementaire (10 ans)<\/p>\n\n\n\n<p>________________________________________<\/p>\n\n\n\n<p><strong>\ud83c\udfaf<\/strong><strong> Objectif&nbsp;:<\/strong><\/p>\n\n\n\n<p>Vous permettre de commercialiser vos jouets sur le march\u00e9 europ\u00e9en avec une documentation conforme, s\u00e9curis\u00e9e et juridiquement contraignante.<\/p>\n\n\n\n<p>________________________________________<\/p>\n\n\n\n<p>\ud83d\udce9 Contactez-nous pour une \u00e9valuation de votre situation r\u00e9glementaire.<\/p>\n\n\n\n<p><strong>Pourquoi choisir ASPS ?<\/strong><\/p>\n\n\n\n<p>1\ufe0f\u20e3 Expertise internationale et multilingue<\/p>\n\n\n\n<p>Avec plus de 20 ans d\u2019exp\u00e9rience en industrie et distribution, couvrant l\u2019Europe, l\u2019Asie et les \u00c9tats-Unis, nous parlons le fran\u00e7ais, l\u2019anglais, l\u2019allemand et le japonais couramment, avec des comp\u00e9tences en cor\u00e9en, espagnol et russe.<\/p>\n\n\n\n<p>Nous savons collaborer avec des partenaires multiculturels et r\u00e9soudre rapidement les obstacles li\u00e9s aux normes locales et internationales.<\/p>\n\n\n\n<p>2\ufe0f\u20e3 Ma\u00eetrise compl\u00e8te des normes et r\u00e9gulations<\/p>\n\n\n\n<p>Nous sommes sp\u00e9cialistes des normes majeures :<\/p>\n\n\n\n<p>Europe : EN, REACH, DPP<\/p>\n\n\n\n<p>Am\u00e9rique : ASTM, CPSC, CPSIA<\/p>\n\n\n\n<p>Asie : Normes japonaises et cor\u00e9ennes<\/p>\n\n\n\n<p>Contr\u00f4les QCDSM &amp; HSE pour vos processus industriels<\/p>\n\n\n\n<p>Vos produits seront conformes et s\u00e9curis\u00e9s pour tous les march\u00e9s internationaux.<\/p>\n\n\n\n<p>3\ufe0f\u20e3 Une exp\u00e9rience pratique dans la fabrication<\/p>\n\n\n\n<p>Notre exp\u00e9rience inclut :<\/p>\n\n\n\n<p>Audit complet des lignes de production, y compris d\u00e9tection de sous-traitance dans les usines chinoises se pr\u00e9sentant comme usine unique.<\/p>\n\n\n\n<p>\u00c9valuation de s\u00e9curit\u00e9 et coordination avec laboratoires accr\u00e9dit\u00e9s en choisissant le meilleur rapport qualit\u00e9\/prix\/rapidit\u00e9<\/p>\n\n\n\n<p>Sourcing, prototypage et production de masse en Chine et au Vietnam<\/p>\n\n\n\n<p>Gestion de la logistique, import\/export et formalit\u00e9s douani\u00e8res<\/p>\n\n\n\n<p><strong>Nous ne nous contentons pas de conseils th\u00e9oriques : nous assurons une mise en \u0153uvre concr\u00e8te et op\u00e9rationnelle.<\/strong><\/p>\n\n\n\n<p>4\ufe0f\u20e3 <strong>Expertise en contrats, brevets et propri\u00e9t\u00e9 intellectuelle<\/strong><\/p>\n\n\n\n<p>Nous accompagnons les fabricants pour :<\/p>\n\n\n\n<p>S\u00e9curiser l\u2019usage des documents fournisseurs<\/p>\n\n\n\n<p>Prot\u00e9ger leur propri\u00e9t\u00e9 intellectuelle<\/p>\n\n\n\n<p>Assurer la conformit\u00e9 contractuelle avec leurs partenaires<\/p>\n\n\n\n<p>Vous \u00eates ainsi prot\u00e9g\u00e9s juridiquement tout en respectant la r\u00e9glementation.<\/p>\n\n\n\n<p>5\ufe0f\u20e3 <strong>S\u00e9curit\u00e9 juridique via contrats britanniques et fran\u00e7ais<\/strong><\/p>\n\n\n\n<p>Gr\u00e2ce \u00e0 notre implantation au Royaume-Uni depuis 6 ans et notre enregistrement en France en tant qu\u2019entreprise \u00e9trang\u00e8re, ASPS peut :<\/p>\n\n\n\n<p>R\u00e9diger et valider des contrats sous droit britannique ou fran\u00e7ais<\/p>\n\n\n\n<p>Garantir la validit\u00e9 l\u00e9gale des accords commerciaux et r\u00e9glementaires<\/p>\n\n\n\n<p>Offrir une s\u00e9curit\u00e9 juridique optimale pour les transactions internationales<\/p>\n\n\n\n<p>Vos relations commerciales et obligations r\u00e9glementaires sont couvertes par des contrats solides et reconnus juridiquement.<\/p>\n\n\n\n<figure class=\"wp-block-image size-large\"><img loading=\"lazy\" decoding=\"async\" width=\"1024\" height=\"1024\" src=\"http:\/\/colemoi.co.uk\/wp-content\/uploads\/2026\/02\/ASPS-Logo-1024x1024.jpg\" alt=\"\" class=\"wp-image-161\" srcset=\"https:\/\/colemoi.co.uk\/wp-content\/uploads\/2026\/02\/ASPS-Logo-1024x1024.jpg 1024w, https:\/\/colemoi.co.uk\/wp-content\/uploads\/2026\/02\/ASPS-Logo-300x300.jpg 300w, https:\/\/colemoi.co.uk\/wp-content\/uploads\/2026\/02\/ASPS-Logo-150x150.jpg 150w, https:\/\/colemoi.co.uk\/wp-content\/uploads\/2026\/02\/ASPS-Logo-768x768.jpg 768w, https:\/\/colemoi.co.uk\/wp-content\/uploads\/2026\/02\/ASPS-Logo-1536x1536.jpg 1536w, https:\/\/colemoi.co.uk\/wp-content\/uploads\/2026\/02\/ASPS-Logo.jpg 2048w\" sizes=\"auto, (max-width: 1024px) 100vw, 1024px\" \/><\/figure>\n","protected":false},"excerpt":{"rendered":"<p>Conseil et expertise pour les \u00e9quipements et produits destin\u00e9s notamment \u00e0 la petite enfance COLEMOI UK Ltd propose des services de conseil strat\u00e9gique et op\u00e9rationnel destin\u00e9s notamment aux professionnels de la petite enfance, ainsi qu\u2019aux industriels, importateurs et distributeurs, souhaitant d\u00e9velopper des produits s\u00fbrs, conformes et de haute qualit\u00e9. L\u2019entreprise accompagne \u00e9galement les organisations dans [&hellip;]<\/p>\n","protected":false},"author":1,"featured_media":161,"parent":0,"menu_order":0,"comment_status":"closed","ping_status":"closed","template":"","meta":{"footnotes":""},"class_list":["post-168","page","type-page","status-publish","has-post-thumbnail","hentry"],"_links":{"self":[{"href":"https:\/\/colemoi.co.uk\/index.php\/wp-json\/wp\/v2\/pages\/168","targetHints":{"allow":["GET"]}}],"collection":[{"href":"https:\/\/colemoi.co.uk\/index.php\/wp-json\/wp\/v2\/pages"}],"about":[{"href":"https:\/\/colemoi.co.uk\/index.php\/wp-json\/wp\/v2\/types\/page"}],"author":[{"embeddable":true,"href":"https:\/\/colemoi.co.uk\/index.php\/wp-json\/wp\/v2\/users\/1"}],"replies":[{"embeddable":true,"href":"https:\/\/colemoi.co.uk\/index.php\/wp-json\/wp\/v2\/comments?post=168"}],"version-history":[{"count":6,"href":"https:\/\/colemoi.co.uk\/index.php\/wp-json\/wp\/v2\/pages\/168\/revisions"}],"predecessor-version":[{"id":285,"href":"https:\/\/colemoi.co.uk\/index.php\/wp-json\/wp\/v2\/pages\/168\/revisions\/285"}],"wp:featuredmedia":[{"embeddable":true,"href":"https:\/\/colemoi.co.uk\/index.php\/wp-json\/wp\/v2\/media\/161"}],"wp:attachment":[{"href":"https:\/\/colemoi.co.uk\/index.php\/wp-json\/wp\/v2\/media?parent=168"}],"curies":[{"name":"wp","href":"https:\/\/api.w.org\/{rel}","templated":true}]}}